{"id":654,"date":"2025-01-02T15:52:56","date_gmt":"2025-01-02T15:52:56","guid":{"rendered":"https:\/\/www.atout-langues.bzh\/?page_id=654"},"modified":"2025-01-02T15:58:03","modified_gmt":"2025-01-02T15:58:03","slug":"mentions-legales","status":"publish","type":"page","link":"https:\/\/www.atout-langues.bzh\/en\/mentions-legales\/","title":{"rendered":"Mentions L\u00e9gales"},"content":{"rendered":"<p class=\"p1\">Mentions l\u00e9gales<\/p>\n<p class=\"p3\"><b>Identit\u00e9<\/b><\/p>\n<p class=\"p4\">Atout Langues<\/p>\n<p class=\"p4\">Maryline Cagnon<\/p>\n<p class=\"p4\">SIRET\u00a0: 824320212 00023<\/p>\n<p class=\"p3\"><b>Coordonn\u00e9es<\/b><\/p>\n<p class=\"p4\">Atout Langues<\/p>\n<p class=\"p4\">23, rue de Lourmel<\/p>\n<p class=\"p4\">56300 Pontivy<\/p>\n<p class=\"p4\">France<\/p>\n<p class=\"p4\"><a href=\"mailto:mcagnon.atoutlangues@gmail.com\">mcagnon.atoutlangues@gmail.com<\/a><\/p>\n<p class=\"p3\"><b>Cr\u00e9dits<\/b><\/p>\n<p class=\"p4\">Textes et illustrations :<\/p>\n<p class=\"p4\">Maryline Cagnon<\/p>\n<p class=\"p3\"><b>H\u00e9bergeur<\/b><\/p>\n<p class=\"p4\">O2SWITCH<br \/>\n222-224 Boulevard Gustave Flaubert<br \/>\n63000 Clermont-Ferrand<br \/>\nSARL o2switch au capital de 7500\u20ac<br \/>\nRCS : Clermont-Ferrand \u2013 SIRET : 510 909 80700016 \u2013 TVA : FR35510909807<br \/>\nLa marque o2switch est d\u00e9pos\u00e9e INPI sous le num\u00e9ro 09 3 645 729.<\/p>\n<p class=\"p3\"><b>Prestataire<\/b><\/p>\n<p class=\"p4\">G2RD Digital<\/p>\n<p class=\"p4\">Cl\u00e9ment Girard (E.I.)<\/p>\n<p class=\"p4\">12, rue de champagne<\/p>\n<p class=\"p4\">22440 Ploufragran<\/p>\n<p class=\"p4\">Mail : <a href=\"mailto:contact@g2rd-digital.fr\">contact@g2rd-digital.fr<\/a><\/p>\n<p class=\"p4\">06 42 65 11 74<\/p>","protected":false},"excerpt":{"rendered":"<p>Mentions l\u00e9gales Identit\u00e9 Atout Langues Maryline Cagnon SIRET\u00a0: 824320212 00023 Coordonn\u00e9es Atout Langues 23, rue de Lourmel 56300 Pontivy France mcagnon.atoutlangues@gmail.com Cr\u00e9dits Textes et illustrations : Maryline Cagnon H\u00e9bergeur O2SWITCH 222-224 Boulevard Gustave Flaubert 63000 Clermont-Ferrand SARL o2switch au capital de 7500\u20ac RCS : Clermont-Ferrand \u2013 SIRET : 510 909 80700016 \u2013 TVA : FR35510909807 [&hellip;]<\/p>","protected":false},"author":2,"featured_media":0,"parent":0,"menu_order":0,"comment_status":"closed","ping_status":"closed","template":"","meta":{"footnotes":""},"class_list":["post-654","page","type-page","status-publish","hentry"],"yoast_head":"<!-- This site is optimized with the Yoast SEO plugin v24.0 - https:\/\/yoast.com\/wordpress\/plugins\/seo\/ -->\n<title>Mentions L\u00e9gales - Atout Langues<\/title>\n<meta name=\"robots\" content=\"index, follow, max-snippet:-1, max-image-preview:large, max-video-preview:-1\" \/>\n<link rel=\"canonical\" href=\"https:\/\/www.atout-langues.bzh\/en\/mentions-legales\/\" \/>\n<meta property=\"og:locale\" content=\"en_GB\" \/>\n<meta property=\"og:type\" content=\"article\" \/>\n<meta property=\"og:title\" content=\"Mentions L\u00e9gales - Atout Langues\" \/>\n<meta property=\"og:description\" content=\"Mentions l\u00e9gales Identit\u00e9 Atout Langues Maryline Cagnon SIRET\u00a0: 824320212 00023 Coordonn\u00e9es Atout Langues 23, rue de Lourmel 56300 Pontivy France mcagnon.atoutlangues@gmail.com Cr\u00e9dits Textes et illustrations : Maryline Cagnon H\u00e9bergeur O2SWITCH 222-224 Boulevard Gustave Flaubert 63000 Clermont-Ferrand SARL o2switch au capital de 7500\u20ac RCS : Clermont-Ferrand \u2013 SIRET : 510 909 80700016 \u2013 TVA : FR35510909807 [&hellip;]\" \/>\n<meta property=\"og:url\" content=\"https:\/\/www.atout-langues.bzh\/en\/mentions-legales\/\" \/>\n<meta property=\"og:site_name\" content=\"Atout Langues\" \/>\n<meta property=\"article:modified_time\" content=\"2025-01-02T15:58:03+00:00\" \/>\n<meta name=\"twitter:card\" content=\"summary_large_image\" \/>\n<meta name=\"twitter:label1\" content=\"Estimated reading time\" \/>\n\t<meta name=\"twitter:data1\" content=\"1 minute\" \/>\n<script type=\"application\/ld+json\" class=\"yoast-schema-graph\">{\"@context\":\"https:\/\/schema.org\",\"@graph\":[{\"@type\":\"WebPage\",\"@id\":\"https:\/\/www.atout-langues.bzh\/mentions-legales\/\",\"url\":\"https:\/\/www.atout-langues.bzh\/mentions-legales\/\",\"name\":\"Mentions L\u00e9gales - Atout Langues\",\"isPartOf\":{\"@id\":\"https:\/\/www.atout-langues.bzh\/#website\"},\"datePublished\":\"2025-01-02T15:52:56+00:00\",\"dateModified\":\"2025-01-02T15:58:03+00:00\",\"breadcrumb\":{\"@id\":\"https:\/\/www.atout-langues.bzh\/mentions-legales\/#breadcrumb\"},\"inLanguage\":\"en-GB\",\"potentialAction\":[{\"@type\":\"ReadAction\",\"target\":[\"https:\/\/www.atout-langues.bzh\/mentions-legales\/\"]}]},{\"@type\":\"BreadcrumbList\",\"@id\":\"https:\/\/www.atout-langues.bzh\/mentions-legales\/#breadcrumb\",\"itemListElement\":[{\"@type\":\"ListItem\",\"position\":1,\"name\":\"Accueil\",\"item\":\"https:\/\/www.atout-langues.bzh\/\"},{\"@type\":\"ListItem\",\"position\":2,\"name\":\"Mentions L\u00e9gales\"}]},{\"@type\":\"WebSite\",\"@id\":\"https:\/\/www.atout-langues.bzh\/#website\",\"url\":\"https:\/\/www.atout-langues.bzh\/\",\"name\":\"Atout Langues\",\"description\":\"Formatrice en Langues - Anglais - En centre Bretagne\",\"publisher\":{\"@id\":\"https:\/\/www.atout-langues.bzh\/#organization\"},\"potentialAction\":[{\"@type\":\"SearchAction\",\"target\":{\"@type\":\"EntryPoint\",\"urlTemplate\":\"https:\/\/www.atout-langues.bzh\/?s={search_term_string}\"},\"query-input\":{\"@type\":\"PropertyValueSpecification\",\"valueRequired\":true,\"valueName\":\"search_term_string\"}}],\"inLanguage\":\"en-GB\"},{\"@type\":\"Organization\",\"@id\":\"https:\/\/www.atout-langues.bzh\/#organization\",\"name\":\"Atout Langues\",\"url\":\"https:\/\/www.atout-langues.bzh\/\",\"logo\":{\"@type\":\"ImageObject\",\"inLanguage\":\"en-GB\",\"@id\":\"https:\/\/www.atout-langues.bzh\/#\/schema\/logo\/image\/\",\"url\":\"https:\/\/www.atout-langues.bzh\/wp-content\/uploads\/2024\/12\/Atout-Langues.png\",\"contentUrl\":\"https:\/\/www.atout-langues.bzh\/wp-content\/uploads\/2024\/12\/Atout-Langues.png\",\"width\":149,\"height\":141,\"caption\":\"Atout Langues\"},\"image\":{\"@id\":\"https:\/\/www.atout-langues.bzh\/#\/schema\/logo\/image\/\"}}]}<\/script>\n<!-- \/ Yoast SEO plugin. -->","yoast_head_json":{"title":"Mentions L\u00e9gales - Atout Langues","robots":{"index":"index","follow":"follow","max-snippet":"max-snippet:-1","max-image-preview":"max-image-preview:large","max-video-preview":"max-video-preview:-1"},"canonical":"https:\/\/www.atout-langues.bzh\/en\/mentions-legales\/","og_locale":"en_GB","og_type":"article","og_title":"Mentions L\u00e9gales - Atout Langues","og_description":"Mentions l\u00e9gales Identit\u00e9 Atout Langues Maryline Cagnon SIRET\u00a0: 824320212 00023 Coordonn\u00e9es Atout Langues 23, rue de Lourmel 56300 Pontivy France mcagnon.atoutlangues@gmail.com Cr\u00e9dits Textes et illustrations : Maryline Cagnon H\u00e9bergeur O2SWITCH 222-224 Boulevard Gustave Flaubert 63000 Clermont-Ferrand SARL o2switch au capital de 7500\u20ac RCS : Clermont-Ferrand \u2013 SIRET : 510 909 80700016 \u2013 TVA : FR35510909807 [&hellip;]","og_url":"https:\/\/www.atout-langues.bzh\/en\/mentions-legales\/","og_site_name":"Atout Langues","article_modified_time":"2025-01-02T15:58:03+00:00","twitter_card":"summary_large_image","twitter_misc":{"Estimated reading time":"1 minute"},"schema":{"@context":"https:\/\/schema.org","@graph":[{"@type":"WebPage","@id":"https:\/\/www.atout-langues.bzh\/mentions-legales\/","url":"https:\/\/www.atout-langues.bzh\/mentions-legales\/","name":"Mentions L\u00e9gales - Atout Langues","isPartOf":{"@id":"https:\/\/www.atout-langues.bzh\/#website"},"datePublished":"2025-01-02T15:52:56+00:00","dateModified":"2025-01-02T15:58:03+00:00","breadcrumb":{"@id":"https:\/\/www.atout-langues.bzh\/mentions-legales\/#breadcrumb"},"inLanguage":"en-GB","potentialAction":[{"@type":"ReadAction","target":["https:\/\/www.atout-langues.bzh\/mentions-legales\/"]}]},{"@type":"BreadcrumbList","@id":"https:\/\/www.atout-langues.bzh\/mentions-legales\/#breadcrumb","itemListElement":[{"@type":"ListItem","position":1,"name":"Accueil","item":"https:\/\/www.atout-langues.bzh\/"},{"@type":"ListItem","position":2,"name":"Mentions L\u00e9gales"}]},{"@type":"WebSite","@id":"https:\/\/www.atout-langues.bzh\/#website","url":"https:\/\/www.atout-langues.bzh\/","name":"Atout Langues","description":"Formatrice en Langues - Anglais - En centre Bretagne","publisher":{"@id":"https:\/\/www.atout-langues.bzh\/#organization"},"potentialAction":[{"@type":"SearchAction","target":{"@type":"EntryPoint","urlTemplate":"https:\/\/www.atout-langues.bzh\/?s={search_term_string}"},"query-input":{"@type":"PropertyValueSpecification","valueRequired":true,"valueName":"search_term_string"}}],"inLanguage":"en-GB"},{"@type":"Organization","@id":"https:\/\/www.atout-langues.bzh\/#organization","name":"Atout Langues","url":"https:\/\/www.atout-langues.bzh\/","logo":{"@type":"ImageObject","inLanguage":"en-GB","@id":"https:\/\/www.atout-langues.bzh\/#\/schema\/logo\/image\/","url":"https:\/\/www.atout-langues.bzh\/wp-content\/uploads\/2024\/12\/Atout-Langues.png","contentUrl":"https:\/\/www.atout-langues.bzh\/wp-content\/uploads\/2024\/12\/Atout-Langues.png","width":149,"height":141,"caption":"Atout Langues"},"image":{"@id":"https:\/\/www.atout-langues.bzh\/#\/schema\/logo\/image\/"}}]}},"_links":{"self":[{"href":"https:\/\/www.atout-langues.bzh\/en\/wp-json\/wp\/v2\/pages\/654","targetHints":{"allow":["GET"]}}],"collection":[{"href":"https:\/\/www.atout-langues.bzh\/en\/wp-json\/wp\/v2\/pages"}],"about":[{"href":"https:\/\/www.atout-langues.bzh\/en\/wp-json\/wp\/v2\/types\/page"}],"author":[{"embeddable":true,"href":"https:\/\/www.atout-langues.bzh\/en\/wp-json\/wp\/v2\/users\/2"}],"replies":[{"embeddable":true,"href":"https:\/\/www.atout-langues.bzh\/en\/wp-json\/wp\/v2\/comments?post=654"}],"version-history":[{"count":0,"href":"https:\/\/www.atout-langues.bzh\/en\/wp-json\/wp\/v2\/pages\/654\/revisions"}],"wp:attachment":[{"href":"https:\/\/www.atout-langues.bzh\/en\/wp-json\/wp\/v2\/media?parent=654"}],"curies":[{"name":"wp","href":"https:\/\/api.w.org\/{rel}","templated":true}]}}